{"id":196,"date":"2012-02-08T22:41:08","date_gmt":"2012-02-08T22:41:08","guid":{"rendered":"http:\/\/franken.ccity.de\/?page_id=196"},"modified":"2012-02-09T19:32:47","modified_gmt":"2012-02-09T19:32:47","slug":"spenden","status":"publish","type":"page","link":"https:\/\/www.frankensicht.de\/?page_id=196","title":{"rendered":"Spenden"},"content":{"rendered":"<p><strong>Unterst\u00fctzen Sie uns:<\/strong><\/p>\n<p>Jeder Euro z\u00e4hlt und erm\u00f6glicht es uns diesen Dienst zu betreiben.<\/p>\n<p>Wenn Ihnen dies etwas wert ist, dann spenden Sie bitte.<\/p>\n<p>Bankspenden: siehe Impressum<\/p>\n<form action=\"https:\/\/www.paypal.com\/cgi-bin\/webscr\" method=\"post\">\n<input type=\"hidden\" name=\"cmd\" value=\"_s-xclick\"><br \/>\n<input type=\"hidden\" name=\"hosted_button_id\" value=\"2S4SZD3SDWJGW\"><br \/>\n<input type=\"image\" src=\"https:\/\/www.paypalobjects.com\/de_DE\/DE\/i\/btn\/btn_donateCC_LG.gif\" border=\"0\" name=\"submit\" alt=\"Jetzt einfach, schnell und sicher online bezahlen \u2013 mit PayPal.\"><br \/>\n<img loading=\"lazy\" decoding=\"async\" alt=\"\" border=\"0\" src=\"https:\/\/www.paypalobjects.com\/de_DE\/i\/scr\/pixel.gif\" width=\"1\" height=\"1\"><br \/>\n<\/form>\n","protected":false},"excerpt":{"rendered":"<p>Unterst\u00fctzen Sie uns: Jeder Euro z\u00e4hlt und erm\u00f6glicht es uns diesen Dienst zu betreiben. Wenn Ihnen dies etwas wert ist, dann spenden Sie bitte. Bankspenden: siehe Impressum<\/p>\n","protected":false},"author":1,"featured_media":0,"parent":0,"menu_order":0,"comment_status":"closed","ping_status":"open","template":"","meta":{"footnotes":""},"class_list":["post-196","page","type-page","status-publish","hentry"],"_links":{"self":[{"href":"https:\/\/www.frankensicht.de\/index.php?rest_route=\/wp\/v2\/pages\/196","targetHints":{"allow":["GET"]}}],"collection":[{"href":"https:\/\/www.frankensicht.de\/index.php?rest_route=\/wp\/v2\/pages"}],"about":[{"href":"https:\/\/www.frankensicht.de\/index.php?rest_route=\/wp\/v2\/types\/page"}],"author":[{"embeddable":true,"href":"https:\/\/www.frankensicht.de\/index.php?rest_route=\/wp\/v2\/users\/1"}],"replies":[{"embeddable":true,"href":"https:\/\/www.frankensicht.de\/index.php?rest_route=%2Fwp%2Fv2%2Fcomments&post=196"}],"version-history":[{"count":0,"href":"https:\/\/www.frankensicht.de\/index.php?rest_route=\/wp\/v2\/pages\/196\/revisions"}],"wp:attachment":[{"href":"https:\/\/www.frankensicht.de\/index.php?rest_route=%2Fwp%2Fv2%2Fmedia&parent=196"}],"curies":[{"name":"wp","href":"https:\/\/api.w.org\/{rel}","templated":true}]}}